{"id":114,"date":"2020-07-16T04:16:25","date_gmt":"2020-07-16T04:16:25","guid":{"rendered":"https:\/\/metsarestoran.ee\/about-us\/"},"modified":"2026-03-30T14:43:09","modified_gmt":"2026-03-30T14:43:09","slug":"meist","status":"publish","type":"page","link":"https:\/\/metsarestoran.ee\/en\/meist\/","title":{"rendered":"About Us"},"content":{"rendered":"<div data-elementor-type=\"wp-page\" data-elementor-id=\"114\" class=\"elementor elementor-114\">\n\t\t\t\t\t\t<section class=\"elementor-section elementor-top-section elementor-element elementor-element-bd442b4 elementor-section-items-bottom elementor-section-height-min-height elementor-section-boxed elementor-section-height-default\" data-id=\"bd442b4\" data-element_type=\"section\" data-e-type=\"section\" data-settings=\"{&quot;background_background&quot;:&quot;classic&quot;}\">\n\t\t\t\t\t\t\t<div class=\"elementor-background-overlay\"><\/div>\n\t\t\t\t\t\t\t<div class=\"elementor-container elementor-column-gap-no\">\n\t\t\t\t\t<div class=\"elementor-column elementor-col-100 elementor-top-column elementor-element elementor-element-1874149\" data-id=\"1874149\" data-element_type=\"column\" data-e-type=\"column\">\n\t\t\t<div class=\"elementor-widget-wrap\">\n\t\t\t\t\t\t\t<\/div>\n\t\t<\/div>\n\t\t\t\t\t<\/div>\n\t\t<\/section>\n\t\t\t\t<section class=\"elementor-section elementor-top-section elementor-element elementor-element-f5a4987 elementor-section-boxed elementor-section-height-default elementor-section-height-default\" data-id=\"f5a4987\" data-element_type=\"section\" data-e-type=\"section\" data-settings=\"{&quot;background_background&quot;:&quot;classic&quot;}\">\n\t\t\t\t\t\t<div class=\"elementor-container elementor-column-gap-default\">\n\t\t\t\t\t<div class=\"elementor-column elementor-col-50 elementor-top-column elementor-element elementor-element-2a1de75\" data-id=\"2a1de75\" data-element_type=\"column\" data-e-type=\"column\">\n\t\t\t<div class=\"elementor-widget-wrap elementor-element-populated\">\n\t\t\t\t\t\t<div class=\"elementor-element elementor-element-d8ec8c8 elementor-widget elementor-widget-text-editor\" data-id=\"d8ec8c8\" data-element_type=\"widget\" data-e-type=\"widget\" data-widget_type=\"text-editor.default\">\n\t\t\t\t<div class=\"elementor-widget-container\">\n\t\t\t\t\t\t\t\t\t<p dir=\"auto\">Hello, dear guest!<\/p>\n<p dir=\"auto\">I am Oliver, the head chef and founder of Maitsemaa O\u00dc.<\/p>\n<p dir=\"auto\">On this page, I would like to briefly introduce the story of our company.<\/p>\n<p dir=\"auto\">Our journey began in the summer of 2007, inspired by the simple yet naturally presented dishes of Scandinavian cuisine. This gave us the idea to create a catering service in Estonia based on similar principles, which has grown over nearly 20 years into the Metsarestoran brand.<\/p>\n<p dir=\"auto\">Selle aja jooksul oleme omandanud ulatuslikud teadmised ja kogemused toidu valmistamisel v\u00e4litingimustes. Neid teadmisi ja kogemusi soovime n\u00fc\u00fcd r\u00f5\u00f5msalt teiega jagada.<\/p>\t\t\t\t\t\t\t\t<\/div>\n\t\t\t\t<\/div>\n\t\t\t\t\t<\/div>\n\t\t<\/div>\n\t\t\t\t<div class=\"elementor-column elementor-col-50 elementor-top-column elementor-element elementor-element-699f337\" data-id=\"699f337\" data-element_type=\"column\" data-e-type=\"column\">\n\t\t\t<div class=\"elementor-widget-wrap elementor-element-populated\">\n\t\t\t\t\t\t<div class=\"elementor-element elementor-element-88242e3 elementor-widget elementor-widget-image\" data-id=\"88242e3\" data-element_type=\"widget\" data-e-type=\"widget\" data-widget_type=\"image.default\">\n\t\t\t\t<div class=\"elementor-widget-container\">\n\t\t\t\t\t\t\t\t\t\t\t\t\t\t\t<img fetchpriority=\"high\" decoding=\"async\" width=\"768\" height=\"512\" src=\"https:\/\/metsarestoran.ee\/wp-content\/uploads\/2026\/03\/Kokk-metsarestoranis-1-768x512.jpg\" class=\"attachment-medium_large size-medium_large wp-image-4025 not-transparent\" alt=\"Meist- Metsarestoran\" srcset=\"https:\/\/metsarestoran.ee\/wp-content\/uploads\/2026\/03\/Kokk-metsarestoranis-1-768x512.jpg 768w, https:\/\/metsarestoran.ee\/wp-content\/uploads\/2026\/03\/Kokk-metsarestoranis-1-300x200.jpg 300w, https:\/\/metsarestoran.ee\/wp-content\/uploads\/2026\/03\/Kokk-metsarestoranis-1-1024x683.jpg 1024w, https:\/\/metsarestoran.ee\/wp-content\/uploads\/2026\/03\/Kokk-metsarestoranis-1-18x12.jpg 18w, https:\/\/metsarestoran.ee\/wp-content\/uploads\/2026\/03\/Kokk-metsarestoranis-1.jpg 1248w\" sizes=\"(max-width: 768px) 100vw, 768px\" data-has-transparency=\"false\" data-dominant-color=\"55602b\" style=\"--dominant-color: #55602b\" \/>\t\t\t\t\t\t\t\t\t\t\t\t\t\t\t<\/div>\n\t\t\t\t<\/div>\n\t\t\t\t\t<\/div>\n\t\t<\/div>\n\t\t\t\t\t<\/div>\n\t\t<\/section>\n\t\t\t\t<\/div>","protected":false},"excerpt":{"rendered":"<p>Tere, hea k\u00fclaline! Mina olen Oliver, Maitsemaa O\u00dc peakokk ja ettev\u00f5tte juht. Sellel lehel soovin l\u00fchidalt tutvustada meie ettev\u00f5tte lugu. Meie tegevus sai alguse 2007. aasta suvel, kui saime inspiratsiooni Skandinaavia k\u00f6\u00f6gi lihtsast ja loodusl\u00e4hedasest toidust. See innustas meid looma Eestis samadel p\u00f5him\u00f5tetel tegutsevat v\u00e4itoitlustusteenust. Sellest on pea 20 aasta jooksul v\u00e4lja kasvanud Maitsemaa Metsarestorani [&hellip;]<\/p>\n","protected":false},"author":1,"featured_media":4025,"parent":0,"menu_order":0,"comment_status":"closed","ping_status":"closed","template":"","meta":{"site-sidebar-layout":"no-sidebar","site-content-layout":"page-builder","ast-site-content-layout":"full-width-container","site-content-style":"unboxed","site-sidebar-style":"unboxed","ast-global-header-display":"","ast-banner-title-visibility":"","ast-main-header-display":"","ast-hfb-above-header-display":"","ast-hfb-below-header-display":"","ast-hfb-mobile-header-display":"","site-post-title":"disabled","ast-breadcrumbs-content":"","ast-featured-img":"disabled","footer-sml-layout":"","theme-transparent-header-meta":"enabled","adv-header-id-meta":"","stick-header-meta":"","header-above-stick-meta":"","header-main-stick-meta":"","header-below-stick-meta":"","astra-migrate-meta-layouts":"set","ast-page-background-enabled":"default","ast-page-background-meta":{"desktop":{"background-color":"","background-image":"","background-repeat":"repeat","background-position":"center center","background-size":"auto","background-attachment":"scroll","background-type":"","background-media":"","overlay-type":"","overlay-color":"","overlay-opacity":"","overlay-gradient":""},"tablet":{"background-color":"","background-image":"","background-repeat":"repeat","background-position":"center center","background-size":"auto","background-attachment":"scroll","background-type":"","background-media":"","overlay-type":"","overlay-color":"","overlay-opacity":"","overlay-gradient":""},"mobile":{"background-color":"","background-image":"","background-repeat":"repeat","background-position":"center center","background-size":"auto","background-attachment":"scroll","background-type":"","background-media":"","overlay-type":"","overlay-color":"","overlay-opacity":"","overlay-gradient":""}},"ast-content-background-meta":{"desktop":{"background-color":"var(--ast-global-color-5)","background-image":"","background-repeat":"repeat","background-position":"center center","background-size":"auto","background-attachment":"scroll","background-type":"","background-media":"","overlay-type":"","overlay-color":"","overlay-opacity":"","overlay-gradient":""},"tablet":{"background-color":"var(--ast-global-color-5)","background-image":"","background-repeat":"repeat","background-position":"center center","background-size":"auto","background-attachment":"scroll","background-type":"","background-media":"","overlay-type":"","overlay-color":"","overlay-opacity":"","overlay-gradient":""},"mobile":{"background-color":"var(--ast-global-color-5)","background-image":"","background-repeat":"repeat","background-position":"center center","background-size":"auto","background-attachment":"scroll","background-type":"","background-media":"","overlay-type":"","overlay-color":"","overlay-opacity":"","overlay-gradient":""}},"footnotes":""},"class_list":["post-114","page","type-page","status-publish","has-post-thumbnail","hentry"],"yoast_head":"<!-- This site is optimized with the Yoast SEO plugin v27.3 - https:\/\/yoast.com\/product\/yoast-seo-wordpress\/ -->\n<title>Meist - Metsarestoran<\/title>\n<meta name=\"description\" content=\"Maitsemaa Metsarestorani lugu sai alguse 2007. aastal inspiratisoonist skandinaavia k\u00f6\u00f6gi vastu. T\u00e4na pakume ainulaadset metsarestorani k\u00f5ikjal Eestis\" \/>\n<meta name=\"robots\" content=\"index, follow, max-snippet:-1, max-image-preview:large, max-video-preview:-1\" \/>\n<link rel=\"canonical\" href=\"https:\/\/metsarestoran.ee\/en\/meist\/\" \/>\n<meta property=\"og:locale\" content=\"en_GB\" \/>\n<meta property=\"og:type\" content=\"article\" \/>\n<meta property=\"og:title\" content=\"Meist - Metsarestoran\" \/>\n<meta property=\"og:description\" content=\"Maitsemaa Metsarestorani lugu sai alguse 2007. aastal inspiratisoonist skandinaavia k\u00f6\u00f6gi vastu. T\u00e4na pakume ainulaadset metsarestorani k\u00f5ikjal Eestis\" \/>\n<meta property=\"og:url\" content=\"https:\/\/metsarestoran.ee\/en\/meist\/\" \/>\n<meta property=\"og:site_name\" content=\"Metsarestoran\" \/>\n<meta property=\"article:publisher\" content=\"https:\/\/www.facebook.com\/Maitsemaa\/\" \/>\n<meta property=\"article:modified_time\" content=\"2026-03-30T14:43:09+00:00\" \/>\n<meta property=\"og:image\" content=\"https:\/\/metsarestoran.ee\/wp-content\/uploads\/2026\/03\/Kokk-metsarestoranis-1.jpg\" \/>\n\t<meta property=\"og:image:width\" content=\"1248\" \/>\n\t<meta property=\"og:image:height\" content=\"832\" \/>\n\t<meta property=\"og:image:type\" content=\"image\/jpeg\" \/>\n<meta name=\"twitter:card\" content=\"summary_large_image\" \/>\n<meta name=\"twitter:label1\" content=\"Estimated reading time\" \/>\n\t<meta name=\"twitter:data1\" content=\"1 minute\" \/>\n<script type=\"application\/ld+json\" class=\"yoast-schema-graph\">{\"@context\":\"https:\\\/\\\/schema.org\",\"@graph\":[{\"@type\":\"WebPage\",\"@id\":\"https:\\\/\\\/metsarestoran.ee\\\/meist\\\/\",\"url\":\"https:\\\/\\\/metsarestoran.ee\\\/meist\\\/\",\"name\":\"Meist - Metsarestoran\",\"isPartOf\":{\"@id\":\"https:\\\/\\\/metsarestoran.ee\\\/#website\"},\"primaryImageOfPage\":{\"@id\":\"https:\\\/\\\/metsarestoran.ee\\\/meist\\\/#primaryimage\"},\"image\":{\"@id\":\"https:\\\/\\\/metsarestoran.ee\\\/meist\\\/#primaryimage\"},\"thumbnailUrl\":\"https:\\\/\\\/metsarestoran.ee\\\/wp-content\\\/uploads\\\/2026\\\/03\\\/Kokk-metsarestoranis-1.jpg\",\"datePublished\":\"2020-07-16T04:16:25+00:00\",\"dateModified\":\"2026-03-30T14:43:09+00:00\",\"description\":\"Maitsemaa Metsarestorani lugu sai alguse 2007. aastal inspiratisoonist skandinaavia k\u00f6\u00f6gi vastu. T\u00e4na pakume ainulaadset metsarestorani k\u00f5ikjal Eestis\",\"breadcrumb\":{\"@id\":\"https:\\\/\\\/metsarestoran.ee\\\/meist\\\/#breadcrumb\"},\"inLanguage\":\"en-GB\",\"potentialAction\":[{\"@type\":\"ReadAction\",\"target\":[\"https:\\\/\\\/metsarestoran.ee\\\/meist\\\/\"]}]},{\"@type\":\"ImageObject\",\"inLanguage\":\"en-GB\",\"@id\":\"https:\\\/\\\/metsarestoran.ee\\\/meist\\\/#primaryimage\",\"url\":\"https:\\\/\\\/metsarestoran.ee\\\/wp-content\\\/uploads\\\/2026\\\/03\\\/Kokk-metsarestoranis-1.jpg\",\"contentUrl\":\"https:\\\/\\\/metsarestoran.ee\\\/wp-content\\\/uploads\\\/2026\\\/03\\\/Kokk-metsarestoranis-1.jpg\",\"width\":1248,\"height\":832,\"caption\":\"Meist- Metsarestoran\"},{\"@type\":\"BreadcrumbList\",\"@id\":\"https:\\\/\\\/metsarestoran.ee\\\/meist\\\/#breadcrumb\",\"itemListElement\":[{\"@type\":\"ListItem\",\"position\":1,\"name\":\"Home\",\"item\":\"https:\\\/\\\/metsarestoran.ee\\\/\"},{\"@type\":\"ListItem\",\"position\":2,\"name\":\"Meist\"}]},{\"@type\":\"WebSite\",\"@id\":\"https:\\\/\\\/metsarestoran.ee\\\/#website\",\"url\":\"https:\\\/\\\/metsarestoran.ee\\\/\",\"name\":\"Metsarestoran\",\"description\":\"Maitsemaa Metsarestoran\",\"publisher\":{\"@id\":\"https:\\\/\\\/metsarestoran.ee\\\/#organization\"},\"potentialAction\":[{\"@type\":\"SearchAction\",\"target\":{\"@type\":\"EntryPoint\",\"urlTemplate\":\"https:\\\/\\\/metsarestoran.ee\\\/?s={search_term_string}\"},\"query-input\":{\"@type\":\"PropertyValueSpecification\",\"valueRequired\":true,\"valueName\":\"search_term_string\"}}],\"inLanguage\":\"en-GB\"},{\"@type\":\"Organization\",\"@id\":\"https:\\\/\\\/metsarestoran.ee\\\/#organization\",\"name\":\"Metsarestoran\",\"url\":\"https:\\\/\\\/metsarestoran.ee\\\/\",\"logo\":{\"@type\":\"ImageObject\",\"inLanguage\":\"en-GB\",\"@id\":\"https:\\\/\\\/metsarestoran.ee\\\/#\\\/schema\\\/logo\\\/image\\\/\",\"url\":\"https:\\\/\\\/metsarestoran.ee\\\/wp-content\\\/uploads\\\/2022\\\/11\\\/Maitsemaa-D-scaled.jpg\",\"contentUrl\":\"https:\\\/\\\/metsarestoran.ee\\\/wp-content\\\/uploads\\\/2022\\\/11\\\/Maitsemaa-D-scaled.jpg\",\"width\":2560,\"height\":2560,\"caption\":\"Metsarestoran\"},\"image\":{\"@id\":\"https:\\\/\\\/metsarestoran.ee\\\/#\\\/schema\\\/logo\\\/image\\\/\"},\"sameAs\":[\"https:\\\/\\\/www.facebook.com\\\/Maitsemaa\\\/\",\"https:\\\/\\\/www.instagram.com\\\/maitsemaa\\\/\"]}]}<\/script>\n<!-- \/ Yoast SEO plugin. -->","yoast_head_json":{"title":"Meist - Metsarestoran","description":"Maitsemaa Metsarestorani lugu sai alguse 2007. aastal inspiratisoonist skandinaavia k\u00f6\u00f6gi vastu. T\u00e4na pakume ainulaadset metsarestorani k\u00f5ikjal Eestis","robots":{"index":"index","follow":"follow","max-snippet":"max-snippet:-1","max-image-preview":"max-image-preview:large","max-video-preview":"max-video-preview:-1"},"canonical":"https:\/\/metsarestoran.ee\/en\/meist\/","og_locale":"en_GB","og_type":"article","og_title":"Meist - Metsarestoran","og_description":"Maitsemaa Metsarestorani lugu sai alguse 2007. aastal inspiratisoonist skandinaavia k\u00f6\u00f6gi vastu. T\u00e4na pakume ainulaadset metsarestorani k\u00f5ikjal Eestis","og_url":"https:\/\/metsarestoran.ee\/en\/meist\/","og_site_name":"Metsarestoran","article_publisher":"https:\/\/www.facebook.com\/Maitsemaa\/","article_modified_time":"2026-03-30T14:43:09+00:00","og_image":[{"width":1248,"height":832,"url":"https:\/\/metsarestoran.ee\/wp-content\/uploads\/2026\/03\/Kokk-metsarestoranis-1.jpg","type":"image\/jpeg"}],"twitter_card":"summary_large_image","twitter_misc":{"Estimated reading time":"1 minute"},"schema":{"@context":"https:\/\/schema.org","@graph":[{"@type":"WebPage","@id":"https:\/\/metsarestoran.ee\/meist\/","url":"https:\/\/metsarestoran.ee\/meist\/","name":"Meist - Metsarestoran","isPartOf":{"@id":"https:\/\/metsarestoran.ee\/#website"},"primaryImageOfPage":{"@id":"https:\/\/metsarestoran.ee\/meist\/#primaryimage"},"image":{"@id":"https:\/\/metsarestoran.ee\/meist\/#primaryimage"},"thumbnailUrl":"https:\/\/metsarestoran.ee\/wp-content\/uploads\/2026\/03\/Kokk-metsarestoranis-1.jpg","datePublished":"2020-07-16T04:16:25+00:00","dateModified":"2026-03-30T14:43:09+00:00","description":"Maitsemaa Metsarestorani lugu sai alguse 2007. aastal inspiratisoonist skandinaavia k\u00f6\u00f6gi vastu. T\u00e4na pakume ainulaadset metsarestorani k\u00f5ikjal Eestis","breadcrumb":{"@id":"https:\/\/metsarestoran.ee\/meist\/#breadcrumb"},"inLanguage":"en-GB","potentialAction":[{"@type":"ReadAction","target":["https:\/\/metsarestoran.ee\/meist\/"]}]},{"@type":"ImageObject","inLanguage":"en-GB","@id":"https:\/\/metsarestoran.ee\/meist\/#primaryimage","url":"https:\/\/metsarestoran.ee\/wp-content\/uploads\/2026\/03\/Kokk-metsarestoranis-1.jpg","contentUrl":"https:\/\/metsarestoran.ee\/wp-content\/uploads\/2026\/03\/Kokk-metsarestoranis-1.jpg","width":1248,"height":832,"caption":"Meist- Metsarestoran"},{"@type":"BreadcrumbList","@id":"https:\/\/metsarestoran.ee\/meist\/#breadcrumb","itemListElement":[{"@type":"ListItem","position":1,"name":"Home","item":"https:\/\/metsarestoran.ee\/"},{"@type":"ListItem","position":2,"name":"Meist"}]},{"@type":"WebSite","@id":"https:\/\/metsarestoran.ee\/#website","url":"https:\/\/metsarestoran.ee\/","name":"Forest Restaurant","description":"Forest Restaurant","publisher":{"@id":"https:\/\/metsarestoran.ee\/#organization"},"potentialAction":[{"@type":"SearchAction","target":{"@type":"EntryPoint","urlTemplate":"https:\/\/metsarestoran.ee\/?s={search_term_string}"},"query-input":{"@type":"PropertyValueSpecification","valueRequired":true,"valueName":"search_term_string"}}],"inLanguage":"en-GB"},{"@type":"Organization","@id":"https:\/\/metsarestoran.ee\/#organization","name":"Forest Restaurant","url":"https:\/\/metsarestoran.ee\/","logo":{"@type":"ImageObject","inLanguage":"en-GB","@id":"https:\/\/metsarestoran.ee\/#\/schema\/logo\/image\/","url":"https:\/\/metsarestoran.ee\/wp-content\/uploads\/2022\/11\/Maitsemaa-D-scaled.jpg","contentUrl":"https:\/\/metsarestoran.ee\/wp-content\/uploads\/2022\/11\/Maitsemaa-D-scaled.jpg","width":2560,"height":2560,"caption":"Metsarestoran"},"image":{"@id":"https:\/\/metsarestoran.ee\/#\/schema\/logo\/image\/"},"sameAs":["https:\/\/www.facebook.com\/Maitsemaa\/","https:\/\/www.instagram.com\/maitsemaa\/"]}]}},"_links":{"self":[{"href":"https:\/\/metsarestoran.ee\/en\/wp-json\/wp\/v2\/pages\/114","targetHints":{"allow":["GET"]}}],"collection":[{"href":"https:\/\/metsarestoran.ee\/en\/wp-json\/wp\/v2\/pages"}],"about":[{"href":"https:\/\/metsarestoran.ee\/en\/wp-json\/wp\/v2\/types\/page"}],"author":[{"embeddable":true,"href":"https:\/\/metsarestoran.ee\/en\/wp-json\/wp\/v2\/users\/1"}],"replies":[{"embeddable":true,"href":"https:\/\/metsarestoran.ee\/en\/wp-json\/wp\/v2\/comments?post=114"}],"version-history":[{"count":5,"href":"https:\/\/metsarestoran.ee\/en\/wp-json\/wp\/v2\/pages\/114\/revisions"}],"predecessor-version":[{"id":4121,"href":"https:\/\/metsarestoran.ee\/en\/wp-json\/wp\/v2\/pages\/114\/revisions\/4121"}],"wp:featuredmedia":[{"embeddable":true,"href":"https:\/\/metsarestoran.ee\/en\/wp-json\/wp\/v2\/media\/4025"}],"wp:attachment":[{"href":"https:\/\/metsarestoran.ee\/en\/wp-json\/wp\/v2\/media?parent=114"}],"curies":[{"name":"wp","href":"https:\/\/api.w.org\/{rel}","templated":true}]}}