{"id":163,"date":"2020-07-16T06:25:14","date_gmt":"2020-07-16T06:25:14","guid":{"rendered":"https:\/\/metsarestoran.ee\/contact\/"},"modified":"2026-03-30T13:56:10","modified_gmt":"2026-03-30T13:56:10","slug":"kontakt","status":"publish","type":"page","link":"https:\/\/metsarestoran.ee\/en\/kontakt\/","title":{"rendered":"Contact"},"content":{"rendered":"\t\t<div data-elementor-type=\"wp-page\" data-elementor-id=\"163\" class=\"elementor elementor-163\">\n\t\t\t\t\t\t<section class=\"elementor-section elementor-top-section elementor-element elementor-element-77e56ef elementor-section-boxed elementor-section-height-default elementor-section-height-default\" data-id=\"77e56ef\" data-element_type=\"section\" data-e-type=\"section\" data-settings=\"{&quot;background_background&quot;:&quot;classic&quot;}\">\n\t\t\t\t\t\t\t<div class=\"elementor-background-overlay\"><\/div>\n\t\t\t\t\t\t\t<div class=\"elementor-container elementor-column-gap-no\">\n\t\t\t\t\t<div class=\"elementor-column elementor-col-100 elementor-top-column elementor-element elementor-element-35f2973\" data-id=\"35f2973\" data-element_type=\"column\" data-e-type=\"column\">\n\t\t\t<div class=\"elementor-widget-wrap elementor-element-populated\">\n\t\t\t\t\t\t<div class=\"elementor-element elementor-element-740b173 elementor-widget-tablet__width-initial elementor-widget elementor-widget-heading\" data-id=\"740b173\" data-element_type=\"widget\" data-e-type=\"widget\" data-widget_type=\"heading.default\">\n\t\t\t\t<div class=\"elementor-widget-container\">\n\t\t\t\t\t<h2 class=\"elementor-heading-title elementor-size-default\">V\u00f5ta meiega \u00fchendust<\/h2>\t\t\t\t<\/div>\n\t\t\t\t<\/div>\n\t\t\t\t\t<\/div>\n\t\t<\/div>\n\t\t\t\t\t<\/div>\n\t\t<\/section>\n\t\t\t\t<section class=\"elementor-section elementor-top-section elementor-element elementor-element-6d7bd77 elementor-section-boxed elementor-section-height-default elementor-section-height-default\" data-id=\"6d7bd77\" data-element_type=\"section\" data-e-type=\"section\">\n\t\t\t\t\t\t<div class=\"elementor-container elementor-column-gap-no\">\n\t\t\t\t\t<div class=\"elementor-column elementor-col-100 elementor-top-column elementor-element elementor-element-b8a4db9\" data-id=\"b8a4db9\" data-element_type=\"column\" data-e-type=\"column\">\n\t\t\t<div class=\"elementor-widget-wrap elementor-element-populated\">\n\t\t\t\t\t\t<div class=\"elementor-element elementor-element-cc86669 elementor-widget elementor-widget-heading\" data-id=\"cc86669\" data-element_type=\"widget\" data-e-type=\"widget\" data-widget_type=\"heading.default\">\n\t\t\t\t<div class=\"elementor-widget-container\">\n\t\t\t\t\t<h6 class=\"elementor-heading-title elementor-size-default\">Soovid kiiret infot? Helista meile!<\/h6>\t\t\t\t<\/div>\n\t\t\t\t<\/div>\n\t\t\t\t<div class=\"elementor-element elementor-element-cc16b95 elementor-widget elementor-widget-heading\" data-id=\"cc16b95\" data-element_type=\"widget\" data-e-type=\"widget\" data-widget_type=\"heading.default\">\n\t\t\t\t<div class=\"elementor-widget-container\">\n\t\t\t\t\t<div class=\"elementor-heading-title elementor-size-default\">+372 530 675 05<\/div>\t\t\t\t<\/div>\n\t\t\t\t<\/div>\n\t\t\t\t<div class=\"elementor-element elementor-element-c148e61 elementor-shape-rounded elementor-grid-0 e-grid-align-center elementor-widget elementor-widget-social-icons\" data-id=\"c148e61\" data-element_type=\"widget\" data-e-type=\"widget\" data-widget_type=\"social-icons.default\">\n\t\t\t\t<div class=\"elementor-widget-container\">\n\t\t\t\t\t\t\t<div class=\"elementor-social-icons-wrapper elementor-grid\" role=\"list\">\n\t\t\t\t\t\t\t<span class=\"elementor-grid-item\" role=\"listitem\">\n\t\t\t\t\t<a class=\"elementor-icon elementor-social-icon elementor-social-icon-facebook elementor-repeater-item-12a34f3\" href=\"https:\/\/www.facebook.com\/Maitsemaa\/\" target=\"_blank\">\n\t\t\t\t\t\t<span class=\"elementor-screen-only\">Facebook<\/span>\n\t\t\t\t\t\t<i aria-hidden=\"true\" class=\"fab fa-facebook\"><\/i>\t\t\t\t\t<\/a>\n\t\t\t\t<\/span>\n\t\t\t\t\t\t\t<span class=\"elementor-grid-item\" role=\"listitem\">\n\t\t\t\t\t<a class=\"elementor-icon elementor-social-icon elementor-social-icon-instagram elementor-repeater-item-6fddaef\" href=\"https:\/\/www.instagram.com\/maitsemaa_metsarestoran\/\" target=\"_blank\">\n\t\t\t\t\t\t<span class=\"elementor-screen-only\">Instagram<\/span>\n\t\t\t\t\t\t<i aria-hidden=\"true\" class=\"fab fa-instagram\"><\/i>\t\t\t\t\t<\/a>\n\t\t\t\t<\/span>\n\t\t\t\t\t<\/div>\n\t\t\t\t\t\t<\/div>\n\t\t\t\t<\/div>\n\t\t\t\t\t<\/div>\n\t\t<\/div>\n\t\t\t\t\t<\/div>\n\t\t<\/section>\n\t\t\t\t<section class=\"elementor-section elementor-top-section elementor-element elementor-element-968199b elementor-section-full_width elementor-section-height-default elementor-section-height-default\" data-id=\"968199b\" data-element_type=\"section\" data-e-type=\"section\">\n\t\t\t\t\t\t<div class=\"elementor-container elementor-column-gap-no\">\n\t\t\t\t\t<div class=\"elementor-column elementor-col-100 elementor-top-column elementor-element elementor-element-8e9a971\" data-id=\"8e9a971\" data-element_type=\"column\" data-e-type=\"column\">\n\t\t\t<div class=\"elementor-widget-wrap\">\n\t\t\t\t\t\t\t<\/div>\n\t\t<\/div>\n\t\t\t\t\t<\/div>\n\t\t<\/section>\n\t\t\t\t<section class=\"elementor-section elementor-top-section elementor-element elementor-element-acf5a55 elementor-section-full_width elementor-section-height-default elementor-section-height-default\" data-id=\"acf5a55\" data-element_type=\"section\" data-e-type=\"section\">\n\t\t\t\t\t\t<div class=\"elementor-container elementor-column-gap-no\">\n\t\t\t\t\t<div class=\"elementor-column elementor-col-50 elementor-top-column elementor-element elementor-element-01ef38b\" data-id=\"01ef38b\" data-element_type=\"column\" data-e-type=\"column\">\n\t\t\t<div class=\"elementor-widget-wrap elementor-element-populated\">\n\t\t\t\t\t\t<div class=\"elementor-element elementor-element-dd8824e elementor-widget elementor-widget-google_maps\" data-id=\"dd8824e\" data-element_type=\"widget\" data-e-type=\"widget\" data-widget_type=\"google_maps.default\">\n\t\t\t\t<div class=\"elementor-widget-container\">\n\t\t\t\t\t\t\t<div class=\"elementor-custom-embed\">\n\t\t\t<iframe loading=\"lazy\"\n\t\t\t\t\tsrc=\"https:\/\/maps.google.com\/maps?q=Maitsemaa&#038;t=m&#038;z=9&#038;output=embed&#038;iwloc=near\"\n\t\t\t\t\ttitle=\"Maitsemaa\"\n\t\t\t\t\taria-label=\"Maitsemaa\"\n\t\t\t><\/iframe>\n\t\t<\/div>\n\t\t\t\t\t\t<\/div>\n\t\t\t\t<\/div>\n\t\t\t\t\t<\/div>\n\t\t<\/div>\n\t\t\t\t<div class=\"elementor-column elementor-col-50 elementor-top-column elementor-element elementor-element-5cb48b7\" data-id=\"5cb48b7\" data-element_type=\"column\" data-e-type=\"column\" data-settings=\"{&quot;background_background&quot;:&quot;classic&quot;}\">\n\t\t\t<div class=\"elementor-widget-wrap elementor-element-populated\">\n\t\t\t\t\t\t<div class=\"elementor-element elementor-element-b72d16f elementor-widget elementor-widget-heading\" data-id=\"b72d16f\" data-element_type=\"widget\" data-e-type=\"widget\" data-widget_type=\"heading.default\">\n\t\t\t\t<div class=\"elementor-widget-container\">\n\t\t\t\t\t<h3 class=\"elementor-heading-title elementor-size-default\">V\u00f5i kirjuta<\/h3>\t\t\t\t<\/div>\n\t\t\t\t<\/div>\n\t\t\t\t<div class=\"elementor-element elementor-element-db60805 elementor-widget elementor-widget-wp-widget-wpforms-widget\" data-id=\"db60805\" data-element_type=\"widget\" data-e-type=\"widget\" data-widget_type=\"wp-widget-wpforms-widget.default\">\n\t\t\t\t<div class=\"elementor-widget-container\">\n\t\t\t\t\t<div class=\"wpforms-container \" id=\"wpforms-1703\"><form id=\"wpforms-form-1703\" class=\"wpforms-validate wpforms-form\" data-formid=\"1703\" method=\"post\" enctype=\"multipart\/form-data\" action=\"\/en\/wp-json\/wp\/v2\/pages\/163\" data-token=\"3a3afe7d01ccec4ac5de0c60e4cbc921\" data-token-time=\"1776381660\"><noscript class=\"wpforms-error-noscript\">Please enable JavaScript in your browser to complete this form.<\/noscript><div class=\"wpforms-field-container\"><div id=\"wpforms-1703-field_0-container\" class=\"wpforms-field wpforms-field-name\" data-field-id=\"0\"><label class=\"wpforms-field-label\" for=\"wpforms-1703-field_0\">Nimi <span class=\"wpforms-required-label\">*<\/span><\/label><input type=\"text\" id=\"wpforms-1703-field_0\" class=\"wpforms-field-large wpforms-field-required\" name=\"wpforms[fields][0]\" required><\/div><div id=\"wpforms-1703-field_1-container\" class=\"wpforms-field wpforms-field-email\" data-field-id=\"1\"><label class=\"wpforms-field-label\" for=\"wpforms-1703-field_1\">Email <span class=\"wpforms-required-label\">*<\/span><\/label><input type=\"email\" id=\"wpforms-1703-field_1\" class=\"wpforms-field-large wpforms-field-required\" name=\"wpforms[fields][1]\" spellcheck=\"false\" required><\/div><div id=\"wpforms-1703-field_3-container\" class=\"wpforms-field wpforms-field-text\" data-field-id=\"3\"><label class=\"wpforms-field-label\" for=\"wpforms-1703-field_3\">Telefoni number <span class=\"wpforms-required-label\">*<\/span><\/label><input type=\"text\" id=\"wpforms-1703-field_3\" class=\"wpforms-field-large wpforms-field-required\" name=\"wpforms[fields][3]\" required><\/div><div id=\"wpforms-1703-field_4-container\" class=\"wpforms-field wpforms-field-text\" data-field-id=\"4\"><label class=\"wpforms-field-label\" for=\"wpforms-1703-field_4\">Kuup\u00e4ev <span class=\"wpforms-required-label\">*<\/span><\/label><input type=\"text\" id=\"wpforms-1703-field_4\" class=\"wpforms-field-large wpforms-field-required\" name=\"wpforms[fields][4]\" required><\/div><div id=\"wpforms-1703-field_6-container\" class=\"wpforms-field wpforms-field-text\" data-field-id=\"6\"><label class=\"wpforms-field-label\" for=\"wpforms-1703-field_6\">Osalejate arv <span class=\"wpforms-required-label\">*<\/span><\/label><input type=\"text\" id=\"wpforms-1703-field_6\" class=\"wpforms-field-large wpforms-field-required\" name=\"wpforms[fields][6]\" required><\/div><div id=\"wpforms-1703-field_2-container\" class=\"wpforms-field wpforms-field-textarea\" data-field-id=\"2\"><label class=\"wpforms-field-label\" for=\"wpforms-1703-field_2\">S\u00f5num <span class=\"wpforms-required-label\">*<\/span><\/label><textarea id=\"wpforms-1703-field_2\" class=\"wpforms-field-medium wpforms-field-required\" name=\"wpforms[fields][2]\" required><\/textarea><\/div><\/div><!-- .wpforms-field-container --><div class=\"wpforms-field wpforms-field-hp\"><label for=\"wpforms-1703-field-hp\" class=\"wpforms-field-label\">Comment<\/label><input type=\"text\" name=\"wpforms[hp]\" id=\"wpforms-1703-field-hp\" class=\"wpforms-field-medium\"><\/div><div class=\"wpforms-recaptcha-container wpforms-is-recaptcha wpforms-is-recaptcha-type-v2\" ><div class=\"g-recaptcha\" data-sitekey=\"6Lewz1ckAAAAAJqKeZ_uC3EPtceOLiAQ7apRRXjO\"><\/div><input type=\"text\" name=\"g-recaptcha-hidden\" class=\"wpforms-recaptcha-hidden\" style=\"position:absolute!important;clip:rect(0,0,0,0)!important;height:1px!important;width:1px!important;border:0!important;overflow:hidden!important;padding:0!important;margin:0!important;\" data-rule-recaptcha=\"1\"><\/div><div class=\"wpforms-submit-container\" ><input type=\"hidden\" name=\"wpforms[id]\" value=\"1703\"><input type=\"hidden\" name=\"page_title\" value=\"\"><input type=\"hidden\" name=\"page_url\" value=\"https:\/\/metsarestoran.ee\/en\/wp-json\/wp\/v2\/pages\/163\"><input type=\"hidden\" name=\"url_referer\" value=\"\"><button type=\"submit\" name=\"wpforms[submit]\" id=\"wpforms-submit-1703\" class=\"wpforms-submit\" data-alt-text=\"Sending...\" data-submit-text=\"Saada kiri\" aria-live=\"assertive\" value=\"wpforms-submit\">Saada kiri<\/button><\/div><\/form><\/div>  <!-- .wpforms-container -->\t\t\t\t<\/div>\n\t\t\t\t<\/div>\n\t\t\t\t\t<\/div>\n\t\t<\/div>\n\t\t\t\t\t<\/div>\n\t\t<\/section>\n\t\t\t\t<\/div>\n\t\t","protected":false},"excerpt":{"rendered":"<p>V\u00f5ta meiega \u00fchendust Soovid kiiret infot? Helista meile! +372 530 675 05 Facebook Instagram V\u00f5i kirjuta<\/p>","protected":false},"author":1,"featured_media":4078,"parent":0,"menu_order":0,"comment_status":"closed","ping_status":"closed","template":"","meta":{"site-sidebar-layout":"no-sidebar","site-content-layout":"page-builder","ast-site-content-layout":"full-width-container","site-content-style":"unboxed","site-sidebar-style":"unboxed","ast-global-header-display":"","ast-banner-title-visibility":"","ast-main-header-display":"","ast-hfb-above-header-display":"","ast-hfb-below-header-display":"","ast-hfb-mobile-header-display":"","site-post-title":"disabled","ast-breadcrumbs-content":"","ast-featured-img":"disabled","footer-sml-layout":"","theme-transparent-header-meta":"enabled","adv-header-id-meta":"","stick-header-meta":"","header-above-stick-meta":"","header-main-stick-meta":"","header-below-stick-meta":"","astra-migrate-meta-layouts":"set","ast-page-background-enabled":"default","ast-page-background-meta":{"desktop":{"background-color":"","background-image":"","background-repeat":"repeat","background-position":"center center","background-size":"auto","background-attachment":"scroll","background-type":"","background-media":"","overlay-type":"","overlay-color":"","overlay-opacity":"","overlay-gradient":""},"tablet":{"background-color":"","background-image":"","background-repeat":"repeat","background-position":"center center","background-size":"auto","background-attachment":"scroll","background-type":"","background-media":"","overlay-type":"","overlay-color":"","overlay-opacity":"","overlay-gradient":""},"mobile":{"background-color":"","background-image":"","background-repeat":"repeat","background-position":"center center","background-size":"auto","background-attachment":"scroll","background-type":"","background-media":"","overlay-type":"","overlay-color":"","overlay-opacity":"","overlay-gradient":""}},"ast-content-background-meta":{"desktop":{"background-color":"var(--ast-global-color-5)","background-image":"","background-repeat":"repeat","background-position":"center center","background-size":"auto","background-attachment":"scroll","background-type":"","background-media":"","overlay-type":"","overlay-color":"","overlay-opacity":"","overlay-gradient":""},"tablet":{"background-color":"var(--ast-global-color-5)","background-image":"","background-repeat":"repeat","background-position":"center center","background-size":"auto","background-attachment":"scroll","background-type":"","background-media":"","overlay-type":"","overlay-color":"","overlay-opacity":"","overlay-gradient":""},"mobile":{"background-color":"var(--ast-global-color-5)","background-image":"","background-repeat":"repeat","background-position":"center center","background-size":"auto","background-attachment":"scroll","background-type":"","background-media":"","overlay-type":"","overlay-color":"","overlay-opacity":"","overlay-gradient":""}},"footnotes":""},"class_list":["post-163","page","type-page","status-publish","has-post-thumbnail","hentry"],"yoast_head":"<!-- This site is optimized with the Yoast SEO plugin v27.4 - https:\/\/yoast.com\/product\/yoast-seo-wordpress\/ -->\n<title>Kontakt - Metsarestoran<\/title>\n<meta name=\"description\" content=\"Broneeri metsarestoran oma s\u00fcnnip\u00e4evaks, ettev\u00f5tte \u00fcrituseks v\u00f5i s\u00f5pradega kokkusaamiseks. +372 530 675 05\" \/>\n<meta name=\"robots\" content=\"index, follow, max-snippet:-1, max-image-preview:large, max-video-preview:-1\" \/>\n<link rel=\"canonical\" href=\"https:\/\/metsarestoran.ee\/en\/kontakt\/\" \/>\n<meta property=\"og:locale\" content=\"en_GB\" \/>\n<meta property=\"og:type\" content=\"article\" \/>\n<meta property=\"og:title\" content=\"Kontakt - Metsarestoran\" \/>\n<meta property=\"og:description\" content=\"Broneeri metsarestoran oma s\u00fcnnip\u00e4evaks, ettev\u00f5tte \u00fcrituseks v\u00f5i s\u00f5pradega kokkusaamiseks. +372 530 675 05\" \/>\n<meta property=\"og:url\" content=\"https:\/\/metsarestoran.ee\/en\/kontakt\/\" \/>\n<meta property=\"og:site_name\" content=\"Metsarestoran\" \/>\n<meta property=\"article:publisher\" content=\"https:\/\/www.facebook.com\/Maitsemaa\/\" \/>\n<meta property=\"article:modified_time\" content=\"2026-03-30T13:56:10+00:00\" \/>\n<meta property=\"og:image\" content=\"https:\/\/metsarestoran.ee\/wp-content\/uploads\/2026\/03\/AZm3J.jpg\" \/>\n\t<meta property=\"og:image:width\" content=\"1168\" \/>\n\t<meta property=\"og:image:height\" content=\"784\" \/>\n\t<meta property=\"og:image:type\" content=\"image\/jpeg\" \/>\n<meta name=\"twitter:card\" content=\"summary_large_image\" \/>\n<meta name=\"twitter:label1\" content=\"Estimated reading time\" \/>\n\t<meta name=\"twitter:data1\" content=\"1 minute\" \/>\n<script type=\"application\/ld+json\" class=\"yoast-schema-graph\">{\"@context\":\"https:\\\/\\\/schema.org\",\"@graph\":[{\"@type\":\"WebPage\",\"@id\":\"https:\\\/\\\/metsarestoran.ee\\\/kontakt\\\/\",\"url\":\"https:\\\/\\\/metsarestoran.ee\\\/kontakt\\\/\",\"name\":\"Kontakt - Metsarestoran\",\"isPartOf\":{\"@id\":\"https:\\\/\\\/metsarestoran.ee\\\/#website\"},\"primaryImageOfPage\":{\"@id\":\"https:\\\/\\\/metsarestoran.ee\\\/kontakt\\\/#primaryimage\"},\"image\":{\"@id\":\"https:\\\/\\\/metsarestoran.ee\\\/kontakt\\\/#primaryimage\"},\"thumbnailUrl\":\"https:\\\/\\\/metsarestoran.ee\\\/wp-content\\\/uploads\\\/2026\\\/03\\\/AZm3J.jpg\",\"datePublished\":\"2020-07-16T06:25:14+00:00\",\"dateModified\":\"2026-03-30T13:56:10+00:00\",\"description\":\"Broneeri metsarestoran oma s\u00fcnnip\u00e4evaks, ettev\u00f5tte \u00fcrituseks v\u00f5i s\u00f5pradega kokkusaamiseks. +372 530 675 05\",\"breadcrumb\":{\"@id\":\"https:\\\/\\\/metsarestoran.ee\\\/kontakt\\\/#breadcrumb\"},\"inLanguage\":\"en-GB\",\"potentialAction\":[{\"@type\":\"ReadAction\",\"target\":[\"https:\\\/\\\/metsarestoran.ee\\\/kontakt\\\/\"]}]},{\"@type\":\"ImageObject\",\"inLanguage\":\"en-GB\",\"@id\":\"https:\\\/\\\/metsarestoran.ee\\\/kontakt\\\/#primaryimage\",\"url\":\"https:\\\/\\\/metsarestoran.ee\\\/wp-content\\\/uploads\\\/2026\\\/03\\\/AZm3J.jpg\",\"contentUrl\":\"https:\\\/\\\/metsarestoran.ee\\\/wp-content\\\/uploads\\\/2026\\\/03\\\/AZm3J.jpg\",\"width\":1168,\"height\":784,\"caption\":\"Kontakt metsarestoran\"},{\"@type\":\"BreadcrumbList\",\"@id\":\"https:\\\/\\\/metsarestoran.ee\\\/kontakt\\\/#breadcrumb\",\"itemListElement\":[{\"@type\":\"ListItem\",\"position\":1,\"name\":\"Home\",\"item\":\"https:\\\/\\\/metsarestoran.ee\\\/\"},{\"@type\":\"ListItem\",\"position\":2,\"name\":\"Kontakt\"}]},{\"@type\":\"WebSite\",\"@id\":\"https:\\\/\\\/metsarestoran.ee\\\/#website\",\"url\":\"https:\\\/\\\/metsarestoran.ee\\\/\",\"name\":\"Metsarestoran\",\"description\":\"Maitsemaa Metsarestoran\",\"publisher\":{\"@id\":\"https:\\\/\\\/metsarestoran.ee\\\/#organization\"},\"potentialAction\":[{\"@type\":\"SearchAction\",\"target\":{\"@type\":\"EntryPoint\",\"urlTemplate\":\"https:\\\/\\\/metsarestoran.ee\\\/?s={search_term_string}\"},\"query-input\":{\"@type\":\"PropertyValueSpecification\",\"valueRequired\":true,\"valueName\":\"search_term_string\"}}],\"inLanguage\":\"en-GB\"},{\"@type\":\"Organization\",\"@id\":\"https:\\\/\\\/metsarestoran.ee\\\/#organization\",\"name\":\"Metsarestoran\",\"url\":\"https:\\\/\\\/metsarestoran.ee\\\/\",\"logo\":{\"@type\":\"ImageObject\",\"inLanguage\":\"en-GB\",\"@id\":\"https:\\\/\\\/metsarestoran.ee\\\/#\\\/schema\\\/logo\\\/image\\\/\",\"url\":\"https:\\\/\\\/metsarestoran.ee\\\/wp-content\\\/uploads\\\/2022\\\/11\\\/Maitsemaa-D-scaled.jpg\",\"contentUrl\":\"https:\\\/\\\/metsarestoran.ee\\\/wp-content\\\/uploads\\\/2022\\\/11\\\/Maitsemaa-D-scaled.jpg\",\"width\":2560,\"height\":2560,\"caption\":\"Metsarestoran\"},\"image\":{\"@id\":\"https:\\\/\\\/metsarestoran.ee\\\/#\\\/schema\\\/logo\\\/image\\\/\"},\"sameAs\":[\"https:\\\/\\\/www.facebook.com\\\/Maitsemaa\\\/\",\"https:\\\/\\\/www.instagram.com\\\/maitsemaa\\\/\"]}]}<\/script>\n<!-- \/ Yoast SEO plugin. -->","yoast_head_json":{"title":"Kontakt - Metsarestoran","description":"Broneeri metsarestoran oma s\u00fcnnip\u00e4evaks, ettev\u00f5tte \u00fcrituseks v\u00f5i s\u00f5pradega kokkusaamiseks. +372 530 675 05","robots":{"index":"index","follow":"follow","max-snippet":"max-snippet:-1","max-image-preview":"max-image-preview:large","max-video-preview":"max-video-preview:-1"},"canonical":"https:\/\/metsarestoran.ee\/en\/kontakt\/","og_locale":"en_GB","og_type":"article","og_title":"Kontakt - Metsarestoran","og_description":"Broneeri metsarestoran oma s\u00fcnnip\u00e4evaks, ettev\u00f5tte \u00fcrituseks v\u00f5i s\u00f5pradega kokkusaamiseks. +372 530 675 05","og_url":"https:\/\/metsarestoran.ee\/en\/kontakt\/","og_site_name":"Metsarestoran","article_publisher":"https:\/\/www.facebook.com\/Maitsemaa\/","article_modified_time":"2026-03-30T13:56:10+00:00","og_image":[{"width":1168,"height":784,"url":"https:\/\/metsarestoran.ee\/wp-content\/uploads\/2026\/03\/AZm3J.jpg","type":"image\/jpeg"}],"twitter_card":"summary_large_image","twitter_misc":{"Estimated reading time":"1 minute"},"schema":{"@context":"https:\/\/schema.org","@graph":[{"@type":"WebPage","@id":"https:\/\/metsarestoran.ee\/kontakt\/","url":"https:\/\/metsarestoran.ee\/kontakt\/","name":"Kontakt - Metsarestoran","isPartOf":{"@id":"https:\/\/metsarestoran.ee\/#website"},"primaryImageOfPage":{"@id":"https:\/\/metsarestoran.ee\/kontakt\/#primaryimage"},"image":{"@id":"https:\/\/metsarestoran.ee\/kontakt\/#primaryimage"},"thumbnailUrl":"https:\/\/metsarestoran.ee\/wp-content\/uploads\/2026\/03\/AZm3J.jpg","datePublished":"2020-07-16T06:25:14+00:00","dateModified":"2026-03-30T13:56:10+00:00","description":"Broneeri metsarestoran oma s\u00fcnnip\u00e4evaks, ettev\u00f5tte \u00fcrituseks v\u00f5i s\u00f5pradega kokkusaamiseks. +372 530 675 05","breadcrumb":{"@id":"https:\/\/metsarestoran.ee\/kontakt\/#breadcrumb"},"inLanguage":"en-GB","potentialAction":[{"@type":"ReadAction","target":["https:\/\/metsarestoran.ee\/kontakt\/"]}]},{"@type":"ImageObject","inLanguage":"en-GB","@id":"https:\/\/metsarestoran.ee\/kontakt\/#primaryimage","url":"https:\/\/metsarestoran.ee\/wp-content\/uploads\/2026\/03\/AZm3J.jpg","contentUrl":"https:\/\/metsarestoran.ee\/wp-content\/uploads\/2026\/03\/AZm3J.jpg","width":1168,"height":784,"caption":"Kontakt metsarestoran"},{"@type":"BreadcrumbList","@id":"https:\/\/metsarestoran.ee\/kontakt\/#breadcrumb","itemListElement":[{"@type":"ListItem","position":1,"name":"Home","item":"https:\/\/metsarestoran.ee\/"},{"@type":"ListItem","position":2,"name":"Kontakt"}]},{"@type":"WebSite","@id":"https:\/\/metsarestoran.ee\/#website","url":"https:\/\/metsarestoran.ee\/","name":"Forest Restaurant","description":"Forest Restaurant","publisher":{"@id":"https:\/\/metsarestoran.ee\/#organization"},"potentialAction":[{"@type":"SearchAction","target":{"@type":"EntryPoint","urlTemplate":"https:\/\/metsarestoran.ee\/?s={search_term_string}"},"query-input":{"@type":"PropertyValueSpecification","valueRequired":true,"valueName":"search_term_string"}}],"inLanguage":"en-GB"},{"@type":"Organization","@id":"https:\/\/metsarestoran.ee\/#organization","name":"Forest Restaurant","url":"https:\/\/metsarestoran.ee\/","logo":{"@type":"ImageObject","inLanguage":"en-GB","@id":"https:\/\/metsarestoran.ee\/#\/schema\/logo\/image\/","url":"https:\/\/metsarestoran.ee\/wp-content\/uploads\/2022\/11\/Maitsemaa-D-scaled.jpg","contentUrl":"https:\/\/metsarestoran.ee\/wp-content\/uploads\/2022\/11\/Maitsemaa-D-scaled.jpg","width":2560,"height":2560,"caption":"Metsarestoran"},"image":{"@id":"https:\/\/metsarestoran.ee\/#\/schema\/logo\/image\/"},"sameAs":["https:\/\/www.facebook.com\/Maitsemaa\/","https:\/\/www.instagram.com\/maitsemaa\/"]}]}},"_links":{"self":[{"href":"https:\/\/metsarestoran.ee\/en\/wp-json\/wp\/v2\/pages\/163","targetHints":{"allow":["GET"]}}],"collection":[{"href":"https:\/\/metsarestoran.ee\/en\/wp-json\/wp\/v2\/pages"}],"about":[{"href":"https:\/\/metsarestoran.ee\/en\/wp-json\/wp\/v2\/types\/page"}],"author":[{"embeddable":true,"href":"https:\/\/metsarestoran.ee\/en\/wp-json\/wp\/v2\/users\/1"}],"replies":[{"embeddable":true,"href":"https:\/\/metsarestoran.ee\/en\/wp-json\/wp\/v2\/comments?post=163"}],"version-history":[{"count":5,"href":"https:\/\/metsarestoran.ee\/en\/wp-json\/wp\/v2\/pages\/163\/revisions"}],"predecessor-version":[{"id":4125,"href":"https:\/\/metsarestoran.ee\/en\/wp-json\/wp\/v2\/pages\/163\/revisions\/4125"}],"wp:featuredmedia":[{"embeddable":true,"href":"https:\/\/metsarestoran.ee\/en\/wp-json\/wp\/v2\/media\/4078"}],"wp:attachment":[{"href":"https:\/\/metsarestoran.ee\/en\/wp-json\/wp\/v2\/media?parent=163"}],"curies":[{"name":"wp","href":"https:\/\/api.w.org\/{rel}","templated":true}]}}