{"id":2373,"date":"2022-11-01T14:48:29","date_gmt":"2022-11-01T14:48:29","guid":{"rendered":"https:\/\/metsarestoran.ee\/?page_id=2373"},"modified":"2023-02-15T18:21:53","modified_gmt":"2023-02-15T18:21:53","slug":"leader-projektiinfo","status":"publish","type":"page","link":"https:\/\/metsarestoran.ee\/en\/leader-projektiinfo\/","title":{"rendered":"Leader Project Information"},"content":{"rendered":"<div data-elementor-type=\"wp-page\" data-elementor-id=\"2373\" class=\"elementor elementor-2373\">\n\t\t\t\t\t\t<section class=\"elementor-section elementor-top-section elementor-element elementor-element-v8xcrrv elementor-section-boxed elementor-section-height-default elementor-section-height-default\" data-id=\"v8xcrrv\" data-element_type=\"section\" data-e-type=\"section\" data-settings=\"{&quot;background_background&quot;:&quot;classic&quot;}\">\n\t\t\t\t\t\t\t<div class=\"elementor-background-overlay\"><\/div>\n\t\t\t\t\t\t\t<div class=\"elementor-container elementor-column-gap-no\">\n\t\t\t\t\t<div class=\"elementor-column elementor-col-100 elementor-top-column elementor-element elementor-element-c19b8a8\" data-id=\"c19b8a8\" data-element_type=\"column\" data-e-type=\"column\">\n\t\t\t<div class=\"elementor-widget-wrap elementor-element-populated\">\n\t\t\t\t\t\t<div class=\"elementor-element elementor-element-6d38c7d elementor-widget elementor-widget-heading\" data-id=\"6d38c7d\" data-element_type=\"widget\" data-e-type=\"widget\" data-widget_type=\"heading.default\">\n\t\t\t\t<div class=\"elementor-widget-container\">\n\t\t\t\t\t<h1 class=\"elementor-heading-title elementor-size-default\">Leader Project Information<\/h1>\t\t\t\t<\/div>\n\t\t\t\t<\/div>\n\t\t\t\t\t<\/div>\n\t\t<\/div>\n\t\t\t\t\t<\/div>\n\t\t<\/section>\n\t\t\t\t<section class=\"elementor-section elementor-top-section elementor-element elementor-element-yk2sjyb elementor-section-boxed elementor-section-height-default elementor-section-height-default\" data-id=\"yk2sjyb\" data-element_type=\"section\" data-e-type=\"section\" data-settings=\"{&quot;background_background&quot;:&quot;classic&quot;}\">\n\t\t\t\t\t\t<div class=\"elementor-container elementor-column-gap-no\">\n\t\t\t\t\t<div class=\"elementor-column elementor-col-100 elementor-top-column elementor-element elementor-element-ddaed20\" data-id=\"ddaed20\" data-element_type=\"column\" data-e-type=\"column\">\n\t\t\t<div class=\"elementor-widget-wrap elementor-element-populated\">\n\t\t\t\t\t\t<div class=\"elementor-element elementor-element-0744067 elementor-widget elementor-widget-heading\" data-id=\"0744067\" data-element_type=\"widget\" data-e-type=\"widget\" data-widget_type=\"heading.default\">\n\t\t\t\t<div class=\"elementor-widget-container\">\n\t\t\t\t\t<h2 class=\"elementor-heading-title elementor-size-default\">Maitsemaa O\u00dc improves the capacity of transport and logistics<\/h2>\t\t\t\t<\/div>\n\t\t\t\t<\/div>\n\t\t\t\t\t<\/div>\n\t\t<\/div>\n\t\t\t\t\t<\/div>\n\t\t<\/section>\n\t\t\t\t<section class=\"elementor-section elementor-top-section elementor-element elementor-element-894650b elementor-section-boxed elementor-section-height-default elementor-section-height-default\" data-id=\"894650b\" data-element_type=\"section\" data-e-type=\"section\" data-settings=\"{&quot;background_background&quot;:&quot;classic&quot;}\">\n\t\t\t\t\t\t<div class=\"elementor-container elementor-column-gap-default\">\n\t\t\t\t\t<div class=\"elementor-column elementor-col-50 elementor-top-column elementor-element elementor-element-425e889\" data-id=\"425e889\" data-element_type=\"column\" data-e-type=\"column\">\n\t\t\t<div class=\"elementor-widget-wrap elementor-element-populated\">\n\t\t\t\t\t\t<div class=\"elementor-element elementor-element-0dde828 elementor-widget elementor-widget-text-editor\" data-id=\"0dde828\" data-element_type=\"widget\" data-e-type=\"widget\" data-widget_type=\"text-editor.default\">\n\t\t\t\t<div class=\"elementor-widget-container\">\n\t\t\t\t\t\t\t\t\t<p>In October 2021, Maitsemaa O\u00dc submitted an application for financing \"Maitsemaa O\u00dc transport and logistics improvement in the company\" to the Leader program, which received a positive financing decision at the beginning of January. In the spring, a tender procedure was also carried out for the construction of an inventory storage room and a trolley shelter, for which Pops O\u00dc submitted the best offer. The construction activity took place in July and August, now the construction is finished and is already being used.<\/p><p>The extension gives us the opportunity to organize our work better, and good storage conditions ensure a longer life for our inventory.<\/p><p>As part of the second project (at the beginning of 2023), it is planned to acquire a four-wheel drive vehicle with which the company can offer its customers service in hard-to-reach places.<\/p><p class=\"translation-block\">General information of the project:<br>Applicant: Maitsemaa O\u00dc<br>Total cost of the project: EUR 58,371.67<br>Subsidy: EUR 24,611<br>Self-financing: EUR 33,760.67<br>Project financier: PRIA, a project grant under the Leader measure ( MAK 2014-2020)<br>Project planned final implementation time: November 2023.<\/p>\t\t\t\t\t\t\t\t<\/div>\n\t\t\t\t<\/div>\n\t\t\t\t\t<\/div>\n\t\t<\/div>\n\t\t\t\t<div class=\"elementor-column elementor-col-50 elementor-top-column elementor-element elementor-element-a539d7b\" data-id=\"a539d7b\" data-element_type=\"column\" data-e-type=\"column\">\n\t\t\t<div class=\"elementor-widget-wrap elementor-element-populated\">\n\t\t\t\t\t\t<div class=\"elementor-element elementor-element-d9d3672 elementor-widget elementor-widget-image\" data-id=\"d9d3672\" data-element_type=\"widget\" data-e-type=\"widget\" data-widget_type=\"image.default\">\n\t\t\t\t<div class=\"elementor-widget-container\">\n\t\t\t\t\t\t\t\t\t\t\t\t\t\t\t<img fetchpriority=\"high\" decoding=\"async\" width=\"287\" height=\"1024\" src=\"https:\/\/metsarestoran.ee\/wp-content\/uploads\/2022\/11\/leader-287x1024.jpeg\" class=\"attachment-large size-large wp-image-2377\" alt=\"\" srcset=\"https:\/\/metsarestoran.ee\/wp-content\/uploads\/2022\/11\/leader-287x1024.jpeg 287w, https:\/\/metsarestoran.ee\/wp-content\/uploads\/2022\/11\/leader-84x300.jpeg 84w, https:\/\/metsarestoran.ee\/wp-content\/uploads\/2022\/11\/leader.jpeg 331w\" sizes=\"(max-width: 287px) 100vw, 287px\" \/>\t\t\t\t\t\t\t\t\t\t\t\t\t\t\t<\/div>\n\t\t\t\t<\/div>\n\t\t\t\t\t<\/div>\n\t\t<\/div>\n\t\t\t\t\t<\/div>\n\t\t<\/section>\n\t\t\t\t<\/div>","protected":false},"excerpt":{"rendered":"<p>Leader projektiinfo Maitsemaa O\u00dc parendab transpordi ja logistika v\u00f5imekust Maitsemaa O\u00dc esitas 2021 aasta oktoobris \u201eMaitsemaa O\u00dc transpordi ja logistika parendamine ettev\u00f5ttes\u201c rahastamise taotluse Leader-programmi, kust sai jaanuari alguses positiivse rahastamise otsuse. Kevadel viidi l\u00e4bi ka hankemenetlus inventari hoiuruumi ja k\u00e4ru varjualuse v\u00e4ljaehitamiseks, millele esitas parima pakkumise Pops O\u00dc. Ehitustegevus toimus juuli ja augusti kuus, [&hellip;]<\/p>\n","protected":false},"author":1,"featured_media":0,"parent":0,"menu_order":0,"comment_status":"closed","ping_status":"closed","template":"","meta":{"site-sidebar-layout":"no-sidebar","site-content-layout":"page-builder","ast-site-content-layout":"","site-content-style":"default","site-sidebar-style":"default","ast-global-header-display":"","ast-banner-title-visibility":"","ast-main-header-display":"","ast-hfb-above-header-display":"","ast-hfb-below-header-display":"","ast-hfb-mobile-header-display":"","site-post-title":"disabled","ast-breadcrumbs-content":"","ast-featured-img":"disabled","footer-sml-layout":"","theme-transparent-header-meta":"","adv-header-id-meta":"","stick-header-meta":"","header-above-stick-meta":"","header-main-stick-meta":"","header-below-stick-meta":"","astra-migrate-meta-layouts":"default","ast-page-background-enabled":"default","ast-page-background-meta":{"desktop":{"background-color":"","background-image":"","background-repeat":"repeat","background-position":"center center","background-size":"auto","background-attachment":"scroll","background-type":"","background-media":"","overlay-type":"","overlay-color":"","overlay-opacity":"","overlay-gradient":""},"tablet":{"background-color":"","background-image":"","background-repeat":"repeat","background-position":"center center","background-size":"auto","background-attachment":"scroll","background-type":"","background-media":"","overlay-type":"","overlay-color":"","overlay-opacity":"","overlay-gradient":""},"mobile":{"background-color":"","background-image":"","background-repeat":"repeat","background-position":"center center","background-size":"auto","background-attachment":"scroll","background-type":"","background-media":"","overlay-type":"","overlay-color":"","overlay-opacity":"","overlay-gradient":""}},"ast-content-background-meta":{"desktop":{"background-color":"var(--ast-global-color-5)","background-image":"","background-repeat":"repeat","background-position":"center center","background-size":"auto","background-attachment":"scroll","background-type":"","background-media":"","overlay-type":"","overlay-color":"","overlay-opacity":"","overlay-gradient":""},"tablet":{"background-color":"var(--ast-global-color-5)","background-image":"","background-repeat":"repeat","background-position":"center center","background-size":"auto","background-attachment":"scroll","background-type":"","background-media":"","overlay-type":"","overlay-color":"","overlay-opacity":"","overlay-gradient":""},"mobile":{"background-color":"var(--ast-global-color-5)","background-image":"","background-repeat":"repeat","background-position":"center center","background-size":"auto","background-attachment":"scroll","background-type":"","background-media":"","overlay-type":"","overlay-color":"","overlay-opacity":"","overlay-gradient":""}},"footnotes":""},"class_list":["post-2373","page","type-page","status-publish","hentry"],"yoast_head":"<!-- This site is optimized with the Yoast SEO plugin v27.3 - https:\/\/yoast.com\/product\/yoast-seo-wordpress\/ -->\n<title>Leader projektiinfo - Metsarestoran<\/title>\n<meta name=\"description\" content=\"Maitsemaa O\u00dc esitas 2021 aasta oktoobris \u201eMaitsemaa O\u00dc transpordi ja logistika parendamine ettev\u00f5ttes\u201c rahastamise taotluse Leader-programmi, kust sai jaanuari alguses positiivse rahastamise otsuse.\" \/>\n<meta name=\"robots\" content=\"index, follow, max-snippet:-1, max-image-preview:large, max-video-preview:-1\" \/>\n<link rel=\"canonical\" href=\"https:\/\/metsarestoran.ee\/en\/leader-projektiinfo\/\" \/>\n<meta property=\"og:locale\" content=\"en_GB\" \/>\n<meta property=\"og:type\" content=\"article\" \/>\n<meta property=\"og:title\" content=\"Leader projektiinfo - Metsarestoran\" \/>\n<meta property=\"og:description\" content=\"Maitsemaa O\u00dc esitas 2021 aasta oktoobris \u201eMaitsemaa O\u00dc transpordi ja logistika parendamine ettev\u00f5ttes\u201c rahastamise taotluse Leader-programmi, kust sai jaanuari alguses positiivse rahastamise otsuse.\" \/>\n<meta property=\"og:url\" content=\"https:\/\/metsarestoran.ee\/en\/leader-projektiinfo\/\" \/>\n<meta property=\"og:site_name\" content=\"Metsarestoran\" \/>\n<meta property=\"article:publisher\" content=\"https:\/\/www.facebook.com\/Maitsemaa\/\" \/>\n<meta property=\"article:modified_time\" content=\"2023-02-15T18:21:53+00:00\" \/>\n<meta property=\"og:image\" content=\"https:\/\/metsarestoran.ee\/wp-content\/uploads\/2022\/11\/leader-287x1024.jpeg\" \/>\n<meta name=\"twitter:card\" content=\"summary_large_image\" \/>\n<meta name=\"twitter:label1\" content=\"Estimated reading time\" \/>\n\t<meta name=\"twitter:data1\" content=\"1 minute\" \/>\n<script type=\"application\/ld+json\" class=\"yoast-schema-graph\">{\"@context\":\"https:\\\/\\\/schema.org\",\"@graph\":[{\"@type\":\"WebPage\",\"@id\":\"https:\\\/\\\/metsarestoran.ee\\\/leader-projektiinfo\\\/\",\"url\":\"https:\\\/\\\/metsarestoran.ee\\\/leader-projektiinfo\\\/\",\"name\":\"Leader projektiinfo - Metsarestoran\",\"isPartOf\":{\"@id\":\"https:\\\/\\\/metsarestoran.ee\\\/#website\"},\"primaryImageOfPage\":{\"@id\":\"https:\\\/\\\/metsarestoran.ee\\\/leader-projektiinfo\\\/#primaryimage\"},\"image\":{\"@id\":\"https:\\\/\\\/metsarestoran.ee\\\/leader-projektiinfo\\\/#primaryimage\"},\"thumbnailUrl\":\"https:\\\/\\\/metsarestoran.ee\\\/wp-content\\\/uploads\\\/2022\\\/11\\\/leader-287x1024.jpeg\",\"datePublished\":\"2022-11-01T14:48:29+00:00\",\"dateModified\":\"2023-02-15T18:21:53+00:00\",\"description\":\"Maitsemaa O\u00dc esitas 2021 aasta oktoobris \u201eMaitsemaa O\u00dc transpordi ja logistika parendamine ettev\u00f5ttes\u201c rahastamise taotluse Leader-programmi, kust sai jaanuari alguses positiivse rahastamise otsuse.\",\"breadcrumb\":{\"@id\":\"https:\\\/\\\/metsarestoran.ee\\\/leader-projektiinfo\\\/#breadcrumb\"},\"inLanguage\":\"en-GB\",\"potentialAction\":[{\"@type\":\"ReadAction\",\"target\":[\"https:\\\/\\\/metsarestoran.ee\\\/leader-projektiinfo\\\/\"]}]},{\"@type\":\"ImageObject\",\"inLanguage\":\"en-GB\",\"@id\":\"https:\\\/\\\/metsarestoran.ee\\\/leader-projektiinfo\\\/#primaryimage\",\"url\":\"https:\\\/\\\/metsarestoran.ee\\\/wp-content\\\/uploads\\\/2022\\\/11\\\/leader-287x1024.jpeg\",\"contentUrl\":\"https:\\\/\\\/metsarestoran.ee\\\/wp-content\\\/uploads\\\/2022\\\/11\\\/leader-287x1024.jpeg\"},{\"@type\":\"BreadcrumbList\",\"@id\":\"https:\\\/\\\/metsarestoran.ee\\\/leader-projektiinfo\\\/#breadcrumb\",\"itemListElement\":[{\"@type\":\"ListItem\",\"position\":1,\"name\":\"Home\",\"item\":\"https:\\\/\\\/metsarestoran.ee\\\/\"},{\"@type\":\"ListItem\",\"position\":2,\"name\":\"Leader projektiinfo\"}]},{\"@type\":\"WebSite\",\"@id\":\"https:\\\/\\\/metsarestoran.ee\\\/#website\",\"url\":\"https:\\\/\\\/metsarestoran.ee\\\/\",\"name\":\"Metsarestoran\",\"description\":\"Maitsemaa Metsarestoran\",\"publisher\":{\"@id\":\"https:\\\/\\\/metsarestoran.ee\\\/#organization\"},\"potentialAction\":[{\"@type\":\"SearchAction\",\"target\":{\"@type\":\"EntryPoint\",\"urlTemplate\":\"https:\\\/\\\/metsarestoran.ee\\\/?s={search_term_string}\"},\"query-input\":{\"@type\":\"PropertyValueSpecification\",\"valueRequired\":true,\"valueName\":\"search_term_string\"}}],\"inLanguage\":\"en-GB\"},{\"@type\":\"Organization\",\"@id\":\"https:\\\/\\\/metsarestoran.ee\\\/#organization\",\"name\":\"Metsarestoran\",\"url\":\"https:\\\/\\\/metsarestoran.ee\\\/\",\"logo\":{\"@type\":\"ImageObject\",\"inLanguage\":\"en-GB\",\"@id\":\"https:\\\/\\\/metsarestoran.ee\\\/#\\\/schema\\\/logo\\\/image\\\/\",\"url\":\"https:\\\/\\\/metsarestoran.ee\\\/wp-content\\\/uploads\\\/2022\\\/11\\\/Maitsemaa-D-scaled.jpg\",\"contentUrl\":\"https:\\\/\\\/metsarestoran.ee\\\/wp-content\\\/uploads\\\/2022\\\/11\\\/Maitsemaa-D-scaled.jpg\",\"width\":2560,\"height\":2560,\"caption\":\"Metsarestoran\"},\"image\":{\"@id\":\"https:\\\/\\\/metsarestoran.ee\\\/#\\\/schema\\\/logo\\\/image\\\/\"},\"sameAs\":[\"https:\\\/\\\/www.facebook.com\\\/Maitsemaa\\\/\",\"https:\\\/\\\/www.instagram.com\\\/maitsemaa\\\/\"]}]}<\/script>\n<!-- \/ Yoast SEO plugin. -->","yoast_head_json":{"title":"Leader projektiinfo - Metsarestoran","description":"Maitsemaa O\u00dc esitas 2021 aasta oktoobris \u201eMaitsemaa O\u00dc transpordi ja logistika parendamine ettev\u00f5ttes\u201c rahastamise taotluse Leader-programmi, kust sai jaanuari alguses positiivse rahastamise otsuse.","robots":{"index":"index","follow":"follow","max-snippet":"max-snippet:-1","max-image-preview":"max-image-preview:large","max-video-preview":"max-video-preview:-1"},"canonical":"https:\/\/metsarestoran.ee\/en\/leader-projektiinfo\/","og_locale":"en_GB","og_type":"article","og_title":"Leader projektiinfo - Metsarestoran","og_description":"Maitsemaa O\u00dc esitas 2021 aasta oktoobris \u201eMaitsemaa O\u00dc transpordi ja logistika parendamine ettev\u00f5ttes\u201c rahastamise taotluse Leader-programmi, kust sai jaanuari alguses positiivse rahastamise otsuse.","og_url":"https:\/\/metsarestoran.ee\/en\/leader-projektiinfo\/","og_site_name":"Metsarestoran","article_publisher":"https:\/\/www.facebook.com\/Maitsemaa\/","article_modified_time":"2023-02-15T18:21:53+00:00","og_image":[{"url":"https:\/\/metsarestoran.ee\/wp-content\/uploads\/2022\/11\/leader-287x1024.jpeg","type":"","width":"","height":""}],"twitter_card":"summary_large_image","twitter_misc":{"Estimated reading time":"1 minute"},"schema":{"@context":"https:\/\/schema.org","@graph":[{"@type":"WebPage","@id":"https:\/\/metsarestoran.ee\/leader-projektiinfo\/","url":"https:\/\/metsarestoran.ee\/leader-projektiinfo\/","name":"Leader projektiinfo - Metsarestoran","isPartOf":{"@id":"https:\/\/metsarestoran.ee\/#website"},"primaryImageOfPage":{"@id":"https:\/\/metsarestoran.ee\/leader-projektiinfo\/#primaryimage"},"image":{"@id":"https:\/\/metsarestoran.ee\/leader-projektiinfo\/#primaryimage"},"thumbnailUrl":"https:\/\/metsarestoran.ee\/wp-content\/uploads\/2022\/11\/leader-287x1024.jpeg","datePublished":"2022-11-01T14:48:29+00:00","dateModified":"2023-02-15T18:21:53+00:00","description":"Maitsemaa O\u00dc esitas 2021 aasta oktoobris \u201eMaitsemaa O\u00dc transpordi ja logistika parendamine ettev\u00f5ttes\u201c rahastamise taotluse Leader-programmi, kust sai jaanuari alguses positiivse rahastamise otsuse.","breadcrumb":{"@id":"https:\/\/metsarestoran.ee\/leader-projektiinfo\/#breadcrumb"},"inLanguage":"en-GB","potentialAction":[{"@type":"ReadAction","target":["https:\/\/metsarestoran.ee\/leader-projektiinfo\/"]}]},{"@type":"ImageObject","inLanguage":"en-GB","@id":"https:\/\/metsarestoran.ee\/leader-projektiinfo\/#primaryimage","url":"https:\/\/metsarestoran.ee\/wp-content\/uploads\/2022\/11\/leader-287x1024.jpeg","contentUrl":"https:\/\/metsarestoran.ee\/wp-content\/uploads\/2022\/11\/leader-287x1024.jpeg"},{"@type":"BreadcrumbList","@id":"https:\/\/metsarestoran.ee\/leader-projektiinfo\/#breadcrumb","itemListElement":[{"@type":"ListItem","position":1,"name":"Home","item":"https:\/\/metsarestoran.ee\/"},{"@type":"ListItem","position":2,"name":"Leader projektiinfo"}]},{"@type":"WebSite","@id":"https:\/\/metsarestoran.ee\/#website","url":"https:\/\/metsarestoran.ee\/","name":"Forest Restaurant","description":"Forest Restaurant","publisher":{"@id":"https:\/\/metsarestoran.ee\/#organization"},"potentialAction":[{"@type":"SearchAction","target":{"@type":"EntryPoint","urlTemplate":"https:\/\/metsarestoran.ee\/?s={search_term_string}"},"query-input":{"@type":"PropertyValueSpecification","valueRequired":true,"valueName":"search_term_string"}}],"inLanguage":"en-GB"},{"@type":"Organization","@id":"https:\/\/metsarestoran.ee\/#organization","name":"Forest Restaurant","url":"https:\/\/metsarestoran.ee\/","logo":{"@type":"ImageObject","inLanguage":"en-GB","@id":"https:\/\/metsarestoran.ee\/#\/schema\/logo\/image\/","url":"https:\/\/metsarestoran.ee\/wp-content\/uploads\/2022\/11\/Maitsemaa-D-scaled.jpg","contentUrl":"https:\/\/metsarestoran.ee\/wp-content\/uploads\/2022\/11\/Maitsemaa-D-scaled.jpg","width":2560,"height":2560,"caption":"Metsarestoran"},"image":{"@id":"https:\/\/metsarestoran.ee\/#\/schema\/logo\/image\/"},"sameAs":["https:\/\/www.facebook.com\/Maitsemaa\/","https:\/\/www.instagram.com\/maitsemaa\/"]}]}},"_links":{"self":[{"href":"https:\/\/metsarestoran.ee\/en\/wp-json\/wp\/v2\/pages\/2373","targetHints":{"allow":["GET"]}}],"collection":[{"href":"https:\/\/metsarestoran.ee\/en\/wp-json\/wp\/v2\/pages"}],"about":[{"href":"https:\/\/metsarestoran.ee\/en\/wp-json\/wp\/v2\/types\/page"}],"author":[{"embeddable":true,"href":"https:\/\/metsarestoran.ee\/en\/wp-json\/wp\/v2\/users\/1"}],"replies":[{"embeddable":true,"href":"https:\/\/metsarestoran.ee\/en\/wp-json\/wp\/v2\/comments?post=2373"}],"version-history":[{"count":5,"href":"https:\/\/metsarestoran.ee\/en\/wp-json\/wp\/v2\/pages\/2373\/revisions"}],"predecessor-version":[{"id":3313,"href":"https:\/\/metsarestoran.ee\/en\/wp-json\/wp\/v2\/pages\/2373\/revisions\/3313"}],"wp:attachment":[{"href":"https:\/\/metsarestoran.ee\/en\/wp-json\/wp\/v2\/media?parent=2373"}],"curies":[{"name":"wp","href":"https:\/\/api.w.org\/{rel}","templated":true}]}}